{"id":2218,"date":"2024-09-23T14:05:02","date_gmt":"2024-09-23T12:05:02","guid":{"rendered":"https:\/\/borgopallavicinimori.it\/?page_id=2218"},"modified":"2025-11-20T13:26:46","modified_gmt":"2025-11-20T12:26:46","slug":"contacts","status":"publish","type":"page","link":"https:\/\/borgopallavicinimori.it\/fr\/contacts\/","title":{"rendered":"Contacts"},"content":{"rendered":"<div class=\"wpb-content-wrapper\">[vc_row css_animation=\u00a0\u00bbfadeIn\u00a0\u00bb full_width=\u00a0\u00bbstretch_row\u00a0\u00bb wpex_bg_overlay=\u00a0\u00bbcolor\u00a0\u00bb wpex_bg_overlay_color=\u00a0\u00bb#000000&Prime; wpex_bg_overlay_opacity=\u00a0\u00bb60%\u00a0\u00bb css=\u00a0\u00bb.vc_custom_1736239614465{background-image: url(https:\/\/borgopallavicinimori.it\/wp-content\/uploads\/2025\/01\/borgo-pallavicini-mori-slide-contatti.jpg?id=1439) !important;background-position: center !important;background-repeat: no-repeat !important;background-size: cover !important;}\u00a0\u00bb min_height=\u00a0\u00bb400px\u00a0\u00bb][vc_column][vc_column_text css=\u00a0\u00bb\u00a0\u00bb el_class=\u00a0\u00bbmtd210 mtm210&Prime;]\n<h1 style=\"text-align: center;\">Contacts<\/h1>\n[\/vc_column_text][vc_separator color=\u00a0\u00bbcustom\u00a0\u00bb el_width=\u00a0\u00bb20&Prime; css=\u00a0\u00bb.vc_custom_1733904344560{margin-top: 10px !important;}\u00a0\u00bb accent_color=\u00a0\u00bb#d5ae5f\u00a0\u00bb]<style>.vcex-breadcrumbs.vcex_69e7d27a3176f .sep{color:#8b8585;}.vcex-breadcrumbs.vcex_69e7d27a3176f{text-align:center;color:#ffffff;font-family:Jost;font-size:15px;}<\/style><nav class=\"vcex-breadcrumbs vcex-breadcrumbs--links-inherit-color vcex-breadcrumbs--custom-color vc_custom_1733904428664 vcex_69e7d27a3176f\"><span><span><a href=\"https:\/\/borgopallavicinimori.it\/fr\/\">Home<\/a><\/span><\/span><\/nav>[\/vc_column][\/vc_row][vc_row css_animation=\u00a0\u00bbfadeIn\u00a0\u00bb content_placement=\u00a0\u00bbmiddle\u00a0\u00bb el_class=\u00a0\u00bbptd60 ptm40 pbm20 form_prenota\u00a0\u00bb][vc_column css_animation=\u00a0\u00bbfadeInLeft\u00a0\u00bb width=\u00a0\u00bb1\/6&Prime; css_animation_delay=\u00a0\u00bb0.2&Prime; el_class=\u00a0\u00bbcolore_link_contatti\u00a0\u00bb][\/vc_column][vc_column width=\u00a0\u00bb2\/3&Prime;][vc_column_text css=\u00a0\u00bb\u00a0\u00bb]\n<h2 style=\"text-align: center;\">Borgo Pallavicini Mori<\/h2>\n[\/vc_column_text]<style>.vcex-list_item.vcex_69e7d27a34a74{font-size:16px;font-family:Karla;font-weight:400;color:#141515;}.vcex-list_item.vcex_69e7d27a34a74 .vcex-list-item-icon-inner{color:#d4af5f;}<\/style><div class=\"vcex-list_item vcex-module wpex-m-0 wpex-max-w-100 wpex-mb-5 vc_custom_1755600158488 wpex-text-center vcex_69e7d27a34a74\"><div class=\"vcex-list-item-inner wpex-inline-flex wpex-flex-no-wrap\"><div class=\"vcex-list-item-icon wpex-mr-10\"><div class=\"vcex-list-item-icon-inner vcex-icon-wrap wpex-inline-flex wpex-justify-center wpex-items-center wpex-leading-none wpex-child-inherit-color\"><span class=\"wpex-icon--w wpex-icon\" aria-hidden=\"true\"><svg xmlns=\"http:\/\/www.w3.org\/2000\/svg\" viewBox=\"0 0 18 32\"><path d=\"M13.714 11.429q0-1.893-1.339-3.232t-3.232-1.339-3.232 1.339-1.339 3.232 1.339 3.232 3.232 1.339 3.232-1.339 1.339-3.232zM18.286 11.429q0 1.946-0.589 3.196l-6.5 13.821q-0.286 0.589-0.848 0.929t-1.205 0.339-1.205-0.339-0.83-0.929l-6.518-13.821q-0.589-1.25-0.589-3.196 0-3.786 2.679-6.464t6.464-2.679 6.464 2.679 2.679 6.464z\"><\/path><\/svg><\/span><\/div><\/div><div class=\"vcex-list-item-text vcex-content wpex-flex-grow\">Via Tiberina, 571 00188 Rome \u2013 Italie<\/div><\/div><\/div><style>.vcex-list_item.vcex_69e7d27a35962{font-size:16px;font-family:Karla;font-weight:400;color:#141515;}.vcex-list_item.vcex_69e7d27a35962 .vcex-list-item-icon-inner{color:#d4af5f;}<\/style><div class=\"vcex-list_item vcex-module wpex-m-0 wpex-max-w-100 wpex-mb-5 vc_custom_1755600162522 wpex-text-center vcex_69e7d27a35962\"><div class=\"vcex-list-item-inner wpex-inline-flex wpex-flex-no-wrap\"><div class=\"vcex-list-item-icon wpex-mr-10\"><div class=\"vcex-list-item-icon-inner vcex-icon-wrap wpex-inline-flex wpex-justify-center wpex-items-center wpex-leading-none wpex-child-inherit-color\"><span class=\"wpex-icon--w wpex-icon\" aria-hidden=\"true\"><svg xmlns=\"http:\/\/www.w3.org\/2000\/svg\" viewBox=\"0 0 512 512\"><path d=\"M164.9 24.6c-7.7-18.6-28-28.5-47.4-23.2l-88 24C12.1 30.2 0 46 0 64C0 311.4 200.6 512 448 512c18 0 33.8-12.1 38.6-29.5l24-88c5.3-19.4-4.6-39.7-23.2-47.4l-96-40c-16.3-6.8-35.2-2.1-46.3 11.6L304.7 368C234.3 334.7 177.3 277.7 144 207.3L193.3 167c13.7-11.2 18.4-30 11.6-46.3l-40-96z\"\/><\/svg><\/span><\/div><\/div><div class=\"vcex-list-item-text vcex-content wpex-flex-grow\"><a href=\"tel:+390633630376\" target=\"_blank\" rel=\"noopener\">+39 06 3363 0376<\/a><\/div><\/div><\/div><style>.vcex-list_item.vcex_69e7d27a35f9f{font-size:16px;font-family:Karla;font-weight:400;color:#141515;}.vcex-list_item.vcex_69e7d27a35f9f .vcex-list-item-icon-inner{color:#d4af5f;}<\/style><div class=\"vcex-list_item vcex-module wpex-m-0 wpex-max-w-100 wpex-mb-5 vc_custom_1755600166361 wpex-text-center vcex_69e7d27a35f9f\"><div class=\"vcex-list-item-inner wpex-inline-flex wpex-flex-no-wrap\"><div class=\"vcex-list-item-icon wpex-mr-10\"><div class=\"vcex-list-item-icon-inner vcex-icon-wrap wpex-inline-flex wpex-justify-center wpex-items-center wpex-leading-none wpex-child-inherit-color\"><span class=\"wpex-icon--w wpex-icon\" aria-hidden=\"true\"><svg xmlns=\"http:\/\/www.w3.org\/2000\/svg\" viewBox=\"0 0 512 512\"><path d=\"M48 64C21.5 64 0 85.5 0 112c0 15.1 7.1 29.3 19.2 38.4L236.8 313.6c11.4 8.5 27 8.5 38.4 0L492.8 150.4c12.1-9.1 19.2-23.3 19.2-38.4c0-26.5-21.5-48-48-48H48zM0 176V384c0 35.3 28.7 64 64 64H448c35.3 0 64-28.7 64-64V176L294.4 339.2c-22.8 17.1-54 17.1-76.8 0L0 176z\"\/><\/svg><\/span><\/div><\/div><div class=\"vcex-list-item-text vcex-content wpex-flex-grow\"><a href=\"mailto:info@borgopallavicinimori.it\" target=\"_blank\" rel=\"noopener\">info@borgopallavicinimori.it<\/a><\/div><\/div><\/div>[vc_column_text css=\u00a0\u00bb.vc_custom_1762852749321{padding-bottom: 40px !important;}\u00a0\u00bb font_size=\u00a0\u00bbd:25|pl:20|pp:20&Prime; font_weight=\u00a0\u00bb600&Prime; el_class=\u00a0\u00bbmtd50 mtm50&Prime; line_height=\u00a0\u00bb120%\u00a0\u00bb text_align=\u00a0\u00bbcenter\u00a0\u00bb]Il est conseill\u00e9 de signaler, au moment de la r\u00e9servation, toute demande de soins afin de permettre l\u2019organisation.[\/vc_column_text]\n<div class=\"wpcf7 no-js\" id=\"wpcf7-f3165-o1\" lang=\"fr-FR\" dir=\"ltr\" data-wpcf7-id=\"3165\">\n<div class=\"screen-reader-response\"><p role=\"status\" aria-live=\"polite\" aria-atomic=\"true\"><\/p> <ul><\/ul><\/div>\n<form action=\"\/fr\/wp-json\/wp\/v2\/pages\/2218#wpcf7-f3165-o1\" method=\"post\" class=\"wpcf7-form init\" aria-label=\"Formulaire de contact\" novalidate=\"novalidate\" data-status=\"init\">\n<fieldset class=\"hidden-fields-container\"><input type=\"hidden\" name=\"_wpcf7\" value=\"3165\" \/><input type=\"hidden\" name=\"_wpcf7_version\" value=\"6.1.5\" \/><input type=\"hidden\" name=\"_wpcf7_locale\" value=\"fr_FR\" \/><input type=\"hidden\" name=\"_wpcf7_unit_tag\" value=\"wpcf7-f3165-o1\" \/><input type=\"hidden\" name=\"_wpcf7_container_post\" value=\"0\" \/><input type=\"hidden\" name=\"_wpcf7_posted_data_hash\" value=\"\" \/><input type=\"hidden\" name=\"_wpcf7_recaptcha_response\" value=\"\" \/>\n<\/fieldset>\n<div class=\"vc_row\">\n\t<div class=\"vc_col-sm-6\">\n\t\t<p><span class=\"wpcf7-form-control-wrap\" data-name=\"nome\"><input size=\"40\" maxlength=\"400\" class=\"wpcf7-form-control wpcf7-text wpcf7-validates-as-required\" aria-required=\"true\" aria-invalid=\"false\" placeholder=\"Pr\u00e9nom*\" value=\"\" type=\"text\" name=\"nome\" \/><\/span>\n\t\t<\/p>\n\t<\/div>\n\t<div class=\"vc_col-sm-6\">\n\t\t<p><span class=\"wpcf7-form-control-wrap\" data-name=\"cognome\"><input size=\"40\" maxlength=\"400\" class=\"wpcf7-form-control wpcf7-text wpcf7-validates-as-required\" aria-required=\"true\" aria-invalid=\"false\" placeholder=\"Nom*\" value=\"\" type=\"text\" name=\"cognome\" \/><\/span>\n\t\t<\/p>\n\t<\/div>\n<\/div>\n<div class=\"vc_row\">\n\t<div class=\"vc_col-sm-6\">\n\t\t<p><span class=\"wpcf7-form-control-wrap\" data-name=\"email\"><input size=\"40\" maxlength=\"400\" class=\"wpcf7-form-control wpcf7-email wpcf7-validates-as-required wpcf7-text wpcf7-validates-as-email\" aria-required=\"true\" aria-invalid=\"false\" placeholder=\"Email*\" value=\"\" type=\"email\" name=\"email\" \/><\/span>\n\t\t<\/p>\n\t<\/div>\n\t<div class=\"vc_col-sm-6\">\n\t\t<p><span class=\"wpcf7-form-control-wrap\" data-name=\"telefono\"><input size=\"40\" maxlength=\"400\" class=\"wpcf7-form-control wpcf7-tel wpcf7-validates-as-required wpcf7-text wpcf7-validates-as-tel\" aria-required=\"true\" aria-invalid=\"false\" placeholder=\"T\u00e9l\u00e9phone*\" value=\"\" type=\"tel\" name=\"telefono\" \/><\/span>\n\t\t<\/p>\n\t<\/div>\n<\/div>\n<div class=\"vc_row\">\n\t<div class=\"vc_col-sm-4\">\n\t\t<p><label>Nombre d\u2019adultes<\/label><br \/>\n<span class=\"wpcf7-form-control-wrap\" data-name=\"numero-adulti\"><input class=\"wpcf7-form-control wpcf7-number wpcf7-validates-as-required wpcf7-validates-as-number\" min=\"1\" aria-required=\"true\" aria-invalid=\"false\" placeholder=\"Nombre d\u2019adultes*\" value=\"\" type=\"number\" name=\"numero-adulti\" \/><\/span>\n\t\t<\/p>\n\t<\/div>\n\t<div class=\"vc_col-sm-4 mtm20\">\n\t\t<p><label>Nombre d\u2019enfants<\/label><br \/>\n<span class=\"wpcf7-form-control-wrap\" data-name=\"numero-bambini\"><input class=\"wpcf7-form-control wpcf7-number wpcf7-validates-as-number\" min=\"0\" aria-invalid=\"false\" placeholder=\"Nombre d\u2019enfants\" value=\"\" type=\"number\" name=\"numero-bambini\" \/><\/span>\n\t\t<\/p>\n\t<\/div>\n\t<div class=\"vc_col-sm-4 mtm20\">\n\t\t<p><label>\u00c2ge des enfants<\/label><br \/>\n<span class=\"wpcf7-form-control-wrap\" data-name=\"eta-bambini\"><input size=\"40\" maxlength=\"400\" class=\"wpcf7-form-control wpcf7-text\" aria-invalid=\"false\" placeholder=\"Ex. 3, 5, 7 ans\" value=\"\" type=\"text\" name=\"eta-bambini\" \/><\/span>\n\t\t<\/p>\n\t<\/div>\n<\/div>\n<div class=\"vc_row\">\n\t<div class=\"vc_col-sm-4\">\n\t\t<p><label>Pr\u00e9sence d\u2019animaux domestiques<\/label><br \/>\n<span class=\"wpcf7-form-control-wrap\" data-name=\"animali-domestici\"><span class=\"wpcf7-form-control wpcf7-radio\"><span class=\"wpcf7-list-item first\"><label><input type=\"radio\" name=\"animali-domestici\" value=\"Non\" checked=\"checked\" \/><span class=\"wpcf7-list-item-label\">Non<\/span><\/label><\/span><span class=\"wpcf7-list-item last\"><label><input type=\"radio\" name=\"animali-domestici\" value=\"Oui\" \/><span class=\"wpcf7-list-item-label\">Oui<\/span><\/label><\/span><\/span><\/span>\n\t\t<\/p>\n\t<\/div>\n\t<div class=\"vc_col-sm-4 mtm20\">\n\t\t<p><label>Date d\u2019arriv\u00e9e<\/label><br \/>\n<span class=\"wpcf7-form-control-wrap\" data-name=\"data-arrivo\"><input class=\"wpcf7-form-control wpcf7-date wpcf7-validates-as-required wpcf7-validates-as-date\" aria-required=\"true\" aria-invalid=\"false\" placeholder=\"Date d\u2019arriv\u00e9e*\" value=\"\" type=\"date\" name=\"data-arrivo\" \/><\/span>\n\t\t<\/p>\n\t<\/div>\n\t<div class=\"vc_col-sm-4 mtm20\">\n\t\t<p><label>Date de d\u00e9part<\/label><br \/>\n<span class=\"wpcf7-form-control-wrap\" data-name=\"data-partenza\"><input class=\"wpcf7-form-control wpcf7-date wpcf7-validates-as-required wpcf7-validates-as-date\" aria-required=\"true\" aria-invalid=\"false\" placeholder=\"Date de d\u00e9part*\" value=\"\" type=\"date\" name=\"data-partenza\" \/><\/span>\n\t\t<\/p>\n\t<\/div>\n<\/div>\n<div class=\"vc_row\">\n\t<div class=\"vc_col-sm-12 mtd20 mtm20\">\n\t\t<p><span class=\"wpcf7-form-control-wrap\" data-name=\"messaggio\"><textarea cols=\"40\" rows=\"10\" maxlength=\"2000\" class=\"wpcf7-form-control wpcf7-textarea\" aria-invalid=\"false\" placeholder=\"Demandes suppl\u00e9mentaires\" name=\"messaggio\"><\/textarea><\/span><br \/>\n<span style=\"font-size:12px;\"><span class=\"wpcf7-form-control-wrap\" data-name=\"acceptance-208\"><span class=\"wpcf7-form-control wpcf7-acceptance\"><span class=\"wpcf7-list-item\"><label><input type=\"checkbox\" name=\"acceptance-208\" value=\"1\" aria-invalid=\"false\" \/><span class=\"wpcf7-list-item-label\">J\u2019accepte le traitement de mes donn\u00e9es personnelles conform\u00e9ment \u00e0 la <a target=\"_blank\" href=\"https:\/\/borgopallavicinimori.it\/privacy-e-cookie-policy\/\" style=\"color:#141515;\">Politique de confidentialit\u00e9<\/a><\/span><\/label><\/span><\/span><\/span><br \/>\n<\/span>\n\t\t<\/p>\n\t<\/div>\n<\/div>\n<div class=\"vc_row invia\">\n\t<div class=\"vc_col-sm-12\">\n\t\t<p><input class=\"wpcf7-form-control wpcf7-submit has-spinner\" type=\"submit\" value=\"ENVOYER\" \/>\n\t\t<\/p>\n\t<\/div>\n<\/div><input type='hidden' class='wpcf7-pum' value='{\"closepopup\":false,\"closedelay\":0,\"openpopup\":false,\"openpopup_id\":0}' \/><div class=\"wpcf7-response-output\" aria-hidden=\"true\"><\/div>\n<\/form>\n<\/div>\n[\/vc_column][vc_column width=\u00a0\u00bb1\/6&Prime;][\/vc_column][\/vc_row][vc_row css_animation=\u00a0\u00bbfadeIn\u00a0\u00bb content_placement=\u00a0\u00bbmiddle\u00a0\u00bb el_class=\u00a0\u00bbptd60 pbd60 ptm40 pbm40&Prime;][vc_column css_animation=\u00a0\u00bbnone\u00a0\u00bb][vc_gmaps link=\u00a0\u00bb#E-8_JTNDaWZyYW1lJTIwc3JjJTNEJTIyaHR0cHMlM0ElMkYlMkZ3d3cuZ29vZ2xlLmNvbSUyRm1hcHMlMkZlbWJlZCUzRnBiJTNEJTIxMW0xOCUyMTFtMTIlMjExbTMlMjExZDgzODAuMDk3MDc0MTYzNzAzJTIxMmQxMi41MTI0NTk4NTI2MTExNjklMjEzZDQyLjA0NzIxNzI2MDI3NzIzJTIxMm0zJTIxMWYwJTIxMmYwJTIxM2YwJTIxM20yJTIxMWkxMDI0JTIxMmk3NjglMjE0ZjEzLjElMjEzbTMlMjExbTIlMjExczB4MTMyZjY4Y2Y5YzMyOWZkZCUyNTNBMHgyMjRiOGZlY2Q5ZmUxMjU3JTIxMnNCb3JnbyUyNTIwUGFsbGF2aWNpbmklMjUyME1vcmklMjE1ZTAlMjEzbTIlMjExc2l0JTIxMnNpdCUyMTR2MTczNjIzODcwMjE4NSUyMTVtMiUyMTFzaXQlMjEyc2l0JTIyJTIwd2lkdGglM0QlMjI2MDAlMjIlMjBoZWlnaHQlM0QlMjI0NTAlMjIlMjBzdHlsZSUzRCUyMmJvcmRlciUzQTAlM0IlMjIlMjBhbGxvd2Z1bGxzY3JlZW4lM0QlMjIlMjIlMjBsb2FkaW5nJTNEJTIybGF6eSUyMiUyMHJlZmVycmVycG9saWN5JTNEJTIybm8tcmVmZXJyZXItd2hlbi1kb3duZ3JhZGUlMjIlM0UlM0MlMkZpZnJhbWUlM0U=\u00a0\u00bb css=\u00a0\u00bb\u00a0\u00bb][\/vc_column][\/vc_row]\n<\/div>","protected":false},"excerpt":{"rendered":"<p>[vc_row css_animation=\u00a0\u00bbfadeIn\u00a0\u00bb full_width=\u00a0\u00bbstretch_row\u00a0\u00bb wpex_bg_overlay=\u00a0\u00bbcolor\u00a0\u00bb wpex_bg_overlay_color=\u00a0\u00bb#000000&Prime; wpex_bg_overlay_opacity=\u00a0\u00bb60%\u00a0\u00bb css=\u00a0\u00bb.vc_custom_1736239614465{background-image: url(https:\/\/borgopallavicinimori.it\/wp-content\/uploads\/2025\/01\/borgo-pallavicini-mori-slide-contatti.jpg?id=1439) !important;background-position: center !important;background-repeat: no-repeat !important;background-size: cover !important;}\u00a0\u00bb min_height=\u00a0\u00bb400px\u00a0\u00bb][vc_column][vc_column_text css=\u00a0\u00bb\u00a0\u00bb el_class=\u00a0\u00bbmtd210 mtm210&Prime;] Contacts [\/vc_column_text][vc_separator color=\u00a0\u00bbcustom\u00a0\u00bb el_width=\u00a0\u00bb20&Prime; css=\u00a0\u00bb.vc_custom_1733904344560{margin-top: 10px !important;}\u00a0\u00bb accent_color=\u00a0\u00bb#d5ae5f\u00a0\u00bb][\/vc_column][\/vc_row][vc_row css_animation=\u00a0\u00bbfadeIn\u00a0\u00bb content_placement=\u00a0\u00bbmiddle\u00a0\u00bb el_class=\u00a0\u00bbptd60 ptm40 pbm20 form_prenota\u00a0\u00bb][vc_column css_animation=\u00a0\u00bbfadeInLeft\u00a0\u00bb width=\u00a0\u00bb1\/6&Prime; css_animation_delay=\u00a0\u00bb0.2&Prime; el_class=\u00a0\u00bbcolore_link_contatti\u00a0\u00bb][\/vc_column][vc_column width=\u00a0\u00bb2\/3&Prime;][vc_column_text css=\u00a0\u00bb\u00a0\u00bb] Borgo Pallavicini Mori [\/vc_column_text][vc_column_text css=\u00a0\u00bb.vc_custom_1762852749321{padding-bottom: 40px !important;}\u00a0\u00bb font_size=\u00a0\u00bbd:25|pl:20|pp:20&Prime; font_weight=\u00a0\u00bb600&Prime; el_class=\u00a0\u00bbmtd50 mtm50&Prime; line_height=\u00a0\u00bb120%\u00a0\u00bb text_align=\u00a0\u00bbcenter\u00a0\u00bb]Il est conseill\u00e9 de&hellip;<\/p>\n","protected":false},"author":1,"featured_media":0,"parent":0,"menu_order":0,"comment_status":"closed","ping_status":"closed","template":"","meta":{"inline_featured_image":false,"footnotes":""},"class_list":["post-2218","page","type-page","status-publish","hentry","entry","no-media"],"yoast_head":"<!-- This site is optimized with the Yoast SEO plugin v27.0 - https:\/\/yoast.com\/product\/yoast-seo-wordpress\/ -->\n<title>Contacts - Borgo Pallavicini Mori<\/title>\n<meta name=\"robots\" content=\"index, follow, max-snippet:-1, max-image-preview:large, max-video-preview:-1\" \/>\n<link rel=\"canonical\" href=\"https:\/\/borgopallavicinimori.it\/fr\/contacts\/\" \/>\n<meta property=\"og:locale\" content=\"fr_FR\" \/>\n<meta property=\"og:type\" content=\"article\" \/>\n<meta property=\"og:title\" content=\"Contacts - Borgo Pallavicini Mori\" \/>\n<meta property=\"og:description\" content=\"[vc_row css_animation=\u00a0\u00bbfadeIn\u00a0\u00bb full_width=\u00a0\u00bbstretch_row\u00a0\u00bb wpex_bg_overlay=\u00a0\u00bbcolor\u00a0\u00bb wpex_bg_overlay_color=\u00a0\u00bb#000000&Prime; wpex_bg_overlay_opacity=\u00a0\u00bb60%\u00a0\u00bb css=\u00a0\u00bb.vc_custom_1736239614465{background-image: url(https:\/\/borgopallavicinimori.it\/wp-content\/uploads\/2025\/01\/borgo-pallavicini-mori-slide-contatti.jpg?id=1439) !important;background-position: center !important;background-repeat: no-repeat !important;background-size: cover !important;}\u00a0\u00bb min_height=\u00a0\u00bb400px\u00a0\u00bb][vc_column][vc_column_text css=\u00a0\u00bb\u00a0\u00bb el_class=\u00a0\u00bbmtd210 mtm210&Prime;] Contacts [\/vc_column_text][vc_separator color=\u00a0\u00bbcustom\u00a0\u00bb el_width=\u00a0\u00bb20&Prime; css=\u00a0\u00bb.vc_custom_1733904344560{margin-top: 10px !important;}\u00a0\u00bb accent_color=\u00a0\u00bb#d5ae5f\u00a0\u00bb][\/vc_column][\/vc_row][vc_row css_animation=\u00a0\u00bbfadeIn\u00a0\u00bb content_placement=\u00a0\u00bbmiddle\u00a0\u00bb el_class=\u00a0\u00bbptd60 ptm40 pbm20 form_prenota\u00a0\u00bb][vc_column css_animation=\u00a0\u00bbfadeInLeft\u00a0\u00bb width=\u00a0\u00bb1\/6&Prime; css_animation_delay=\u00a0\u00bb0.2&Prime; el_class=\u00a0\u00bbcolore_link_contatti\u00a0\u00bb][\/vc_column][vc_column width=\u00a0\u00bb2\/3&Prime;][vc_column_text css=\u00a0\u00bb\u00a0\u00bb] Borgo Pallavicini Mori [\/vc_column_text][vc_column_text css=\u00a0\u00bb.vc_custom_1762852749321{padding-bottom: 40px !important;}\u00a0\u00bb font_size=\u00a0\u00bbd:25|pl:20|pp:20&Prime; font_weight=\u00a0\u00bb600&Prime; el_class=\u00a0\u00bbmtd50 mtm50&Prime; line_height=\u00a0\u00bb120%\u00a0\u00bb text_align=\u00a0\u00bbcenter\u00a0\u00bb]Il est conseill\u00e9 de&hellip;\" \/>\n<meta property=\"og:url\" content=\"https:\/\/borgopallavicinimori.it\/fr\/contacts\/\" \/>\n<meta property=\"og:site_name\" content=\"Borgo Pallavicini Mori\" \/>\n<meta property=\"article:modified_time\" content=\"2025-11-20T12:26:46+00:00\" \/>\n<meta name=\"twitter:card\" content=\"summary_large_image\" \/>\n<meta name=\"twitter:label1\" content=\"Dur\u00e9e de lecture estim\u00e9e\" \/>\n\t<meta name=\"twitter:data1\" content=\"1 minute\" \/>\n<script type=\"application\/ld+json\" class=\"yoast-schema-graph\">{\"@context\":\"https:\/\/schema.org\",\"@graph\":[{\"@type\":\"WebPage\",\"@id\":\"https:\/\/borgopallavicinimori.it\/fr\/contacts\/\",\"url\":\"https:\/\/borgopallavicinimori.it\/fr\/contacts\/\",\"name\":\"Contacts - Borgo Pallavicini Mori\",\"isPartOf\":{\"@id\":\"https:\/\/borgopallavicinimori.it\/#website\"},\"datePublished\":\"2024-09-23T12:05:02+00:00\",\"dateModified\":\"2025-11-20T12:26:46+00:00\",\"breadcrumb\":{\"@id\":\"https:\/\/borgopallavicinimori.it\/fr\/contacts\/#breadcrumb\"},\"inLanguage\":\"fr-FR\",\"potentialAction\":[{\"@type\":\"ReadAction\",\"target\":[\"https:\/\/borgopallavicinimori.it\/fr\/contacts\/\"]}]},{\"@type\":\"BreadcrumbList\",\"@id\":\"https:\/\/borgopallavicinimori.it\/fr\/contacts\/#breadcrumb\",\"itemListElement\":[{\"@type\":\"ListItem\",\"position\":1,\"name\":\"Home\",\"item\":\"https:\/\/borgopallavicinimori.it\/fr\/\"},{\"@type\":\"ListItem\",\"position\":2,\"name\":\"Contacts\"}]},{\"@type\":\"WebSite\",\"@id\":\"https:\/\/borgopallavicinimori.it\/#website\",\"url\":\"https:\/\/borgopallavicinimori.it\/\",\"name\":\"Borgo Pallavicini Mori\",\"description\":\"\",\"publisher\":{\"@id\":\"https:\/\/borgopallavicinimori.it\/#organization\"},\"potentialAction\":[{\"@type\":\"SearchAction\",\"target\":{\"@type\":\"EntryPoint\",\"urlTemplate\":\"https:\/\/borgopallavicinimori.it\/?s={search_term_string}\"},\"query-input\":{\"@type\":\"PropertyValueSpecification\",\"valueRequired\":true,\"valueName\":\"search_term_string\"}}],\"inLanguage\":\"fr-FR\"},{\"@type\":\"Organization\",\"@id\":\"https:\/\/borgopallavicinimori.it\/#organization\",\"name\":\"Borgo Pallavicini Mori\",\"url\":\"https:\/\/borgopallavicinimori.it\/\",\"logo\":{\"@type\":\"ImageObject\",\"inLanguage\":\"fr-FR\",\"@id\":\"https:\/\/borgopallavicinimori.it\/#\/schema\/logo\/image\/\",\"url\":\"https:\/\/borgopallavicinimori.it\/wp-content\/uploads\/2025\/01\/Full-Color_2-8.png\",\"contentUrl\":\"https:\/\/borgopallavicinimori.it\/wp-content\/uploads\/2025\/01\/Full-Color_2-8.png\",\"width\":367,\"height\":213,\"caption\":\"Borgo Pallavicini Mori\"},\"image\":{\"@id\":\"https:\/\/borgopallavicinimori.it\/#\/schema\/logo\/image\/\"}}]}<\/script>\n<!-- \/ Yoast SEO plugin. -->","yoast_head_json":{"title":"Contacts - Borgo Pallavicini Mori","robots":{"index":"index","follow":"follow","max-snippet":"max-snippet:-1","max-image-preview":"max-image-preview:large","max-video-preview":"max-video-preview:-1"},"canonical":"https:\/\/borgopallavicinimori.it\/fr\/contacts\/","og_locale":"fr_FR","og_type":"article","og_title":"Contacts - Borgo Pallavicini Mori","og_description":"[vc_row css_animation=\u00a0\u00bbfadeIn\u00a0\u00bb full_width=\u00a0\u00bbstretch_row\u00a0\u00bb wpex_bg_overlay=\u00a0\u00bbcolor\u00a0\u00bb wpex_bg_overlay_color=\u00a0\u00bb#000000&Prime; wpex_bg_overlay_opacity=\u00a0\u00bb60%\u00a0\u00bb css=\u00a0\u00bb.vc_custom_1736239614465{background-image: url(https:\/\/borgopallavicinimori.it\/wp-content\/uploads\/2025\/01\/borgo-pallavicini-mori-slide-contatti.jpg?id=1439) !important;background-position: center !important;background-repeat: no-repeat !important;background-size: cover !important;}\u00a0\u00bb min_height=\u00a0\u00bb400px\u00a0\u00bb][vc_column][vc_column_text css=\u00a0\u00bb\u00a0\u00bb el_class=\u00a0\u00bbmtd210 mtm210&Prime;] Contacts [\/vc_column_text][vc_separator color=\u00a0\u00bbcustom\u00a0\u00bb el_width=\u00a0\u00bb20&Prime; css=\u00a0\u00bb.vc_custom_1733904344560{margin-top: 10px !important;}\u00a0\u00bb accent_color=\u00a0\u00bb#d5ae5f\u00a0\u00bb][\/vc_column][\/vc_row][vc_row css_animation=\u00a0\u00bbfadeIn\u00a0\u00bb content_placement=\u00a0\u00bbmiddle\u00a0\u00bb el_class=\u00a0\u00bbptd60 ptm40 pbm20 form_prenota\u00a0\u00bb][vc_column css_animation=\u00a0\u00bbfadeInLeft\u00a0\u00bb width=\u00a0\u00bb1\/6&Prime; css_animation_delay=\u00a0\u00bb0.2&Prime; el_class=\u00a0\u00bbcolore_link_contatti\u00a0\u00bb][\/vc_column][vc_column width=\u00a0\u00bb2\/3&Prime;][vc_column_text css=\u00a0\u00bb\u00a0\u00bb] Borgo Pallavicini Mori [\/vc_column_text][vc_column_text css=\u00a0\u00bb.vc_custom_1762852749321{padding-bottom: 40px !important;}\u00a0\u00bb font_size=\u00a0\u00bbd:25|pl:20|pp:20&Prime; font_weight=\u00a0\u00bb600&Prime; el_class=\u00a0\u00bbmtd50 mtm50&Prime; line_height=\u00a0\u00bb120%\u00a0\u00bb text_align=\u00a0\u00bbcenter\u00a0\u00bb]Il est conseill\u00e9 de&hellip;","og_url":"https:\/\/borgopallavicinimori.it\/fr\/contacts\/","og_site_name":"Borgo Pallavicini Mori","article_modified_time":"2025-11-20T12:26:46+00:00","twitter_card":"summary_large_image","twitter_misc":{"Dur\u00e9e de lecture estim\u00e9e":"1 minute"},"schema":{"@context":"https:\/\/schema.org","@graph":[{"@type":"WebPage","@id":"https:\/\/borgopallavicinimori.it\/fr\/contacts\/","url":"https:\/\/borgopallavicinimori.it\/fr\/contacts\/","name":"Contacts - Borgo Pallavicini Mori","isPartOf":{"@id":"https:\/\/borgopallavicinimori.it\/#website"},"datePublished":"2024-09-23T12:05:02+00:00","dateModified":"2025-11-20T12:26:46+00:00","breadcrumb":{"@id":"https:\/\/borgopallavicinimori.it\/fr\/contacts\/#breadcrumb"},"inLanguage":"fr-FR","potentialAction":[{"@type":"ReadAction","target":["https:\/\/borgopallavicinimori.it\/fr\/contacts\/"]}]},{"@type":"BreadcrumbList","@id":"https:\/\/borgopallavicinimori.it\/fr\/contacts\/#breadcrumb","itemListElement":[{"@type":"ListItem","position":1,"name":"Home","item":"https:\/\/borgopallavicinimori.it\/fr\/"},{"@type":"ListItem","position":2,"name":"Contacts"}]},{"@type":"WebSite","@id":"https:\/\/borgopallavicinimori.it\/#website","url":"https:\/\/borgopallavicinimori.it\/","name":"Borgo Pallavicini Mori","description":"","publisher":{"@id":"https:\/\/borgopallavicinimori.it\/#organization"},"potentialAction":[{"@type":"SearchAction","target":{"@type":"EntryPoint","urlTemplate":"https:\/\/borgopallavicinimori.it\/?s={search_term_string}"},"query-input":{"@type":"PropertyValueSpecification","valueRequired":true,"valueName":"search_term_string"}}],"inLanguage":"fr-FR"},{"@type":"Organization","@id":"https:\/\/borgopallavicinimori.it\/#organization","name":"Borgo Pallavicini Mori","url":"https:\/\/borgopallavicinimori.it\/","logo":{"@type":"ImageObject","inLanguage":"fr-FR","@id":"https:\/\/borgopallavicinimori.it\/#\/schema\/logo\/image\/","url":"https:\/\/borgopallavicinimori.it\/wp-content\/uploads\/2025\/01\/Full-Color_2-8.png","contentUrl":"https:\/\/borgopallavicinimori.it\/wp-content\/uploads\/2025\/01\/Full-Color_2-8.png","width":367,"height":213,"caption":"Borgo Pallavicini Mori"},"image":{"@id":"https:\/\/borgopallavicinimori.it\/#\/schema\/logo\/image\/"}}]}},"_links":{"self":[{"href":"https:\/\/borgopallavicinimori.it\/fr\/wp-json\/wp\/v2\/pages\/2218","targetHints":{"allow":["GET"]}}],"collection":[{"href":"https:\/\/borgopallavicinimori.it\/fr\/wp-json\/wp\/v2\/pages"}],"about":[{"href":"https:\/\/borgopallavicinimori.it\/fr\/wp-json\/wp\/v2\/types\/page"}],"author":[{"embeddable":true,"href":"https:\/\/borgopallavicinimori.it\/fr\/wp-json\/wp\/v2\/users\/1"}],"replies":[{"embeddable":true,"href":"https:\/\/borgopallavicinimori.it\/fr\/wp-json\/wp\/v2\/comments?post=2218"}],"version-history":[{"count":7,"href":"https:\/\/borgopallavicinimori.it\/fr\/wp-json\/wp\/v2\/pages\/2218\/revisions"}],"predecessor-version":[{"id":3444,"href":"https:\/\/borgopallavicinimori.it\/fr\/wp-json\/wp\/v2\/pages\/2218\/revisions\/3444"}],"wp:attachment":[{"href":"https:\/\/borgopallavicinimori.it\/fr\/wp-json\/wp\/v2\/media?parent=2218"}],"curies":[{"name":"wp","href":"https:\/\/api.w.org\/{rel}","templated":true}]}}