{"id":2213,"date":"2024-09-23T14:05:39","date_gmt":"2024-09-23T12:05:39","guid":{"rendered":"https:\/\/borgopallavicinimori.it\/?page_id=2213"},"modified":"2025-11-14T16:30:11","modified_gmt":"2025-11-14T15:30:11","slug":"le-domaine","status":"publish","type":"page","link":"https:\/\/borgopallavicinimori.it\/fr\/qui-sommes-nous\/le-domaine\/","title":{"rendered":"Le domaine"},"content":{"rendered":"<div class=\"wpb-content-wrapper\">[vc_row css_animation=\u00a0\u00bbfadeIn\u00a0\u00bb full_width=\u00a0\u00bbstretch_row\u00a0\u00bb wpex_bg_overlay=\u00a0\u00bbcolor\u00a0\u00bb wpex_bg_overlay_color=\u00a0\u00bb#000000&Prime; wpex_bg_overlay_opacity=\u00a0\u00bb60%\u00a0\u00bb css=\u00a0\u00bb.vc_custom_1734009440345{background-image: url(https:\/\/borgopallavicinimori.it\/wp-content\/uploads\/2024\/12\/la_tenuta_slide.jpg?id=1157) !important;background-position: center !important;background-repeat: no-repeat !important;background-size: cover !important;}\u00a0\u00bb min_height=\u00a0\u00bb400px\u00a0\u00bb][vc_column][vc_column_text css=\u00a0\u00bb\u00a0\u00bb el_class=\u00a0\u00bbmtd210 mtm210&Prime;]\n<h1 style=\"text-align: center;\">Le Domaine<\/h1>\n[\/vc_column_text][vc_separator color=\u00a0\u00bbcustom\u00a0\u00bb el_width=\u00a0\u00bb20&Prime; css=\u00a0\u00bb.vc_custom_1733904344560{margin-top: 10px !important;}\u00a0\u00bb accent_color=\u00a0\u00bb#d5ae5f\u00a0\u00bb]<style>.vcex-breadcrumbs.vcex_69e7d5f647713 .sep{color:#8b8585;}.vcex-breadcrumbs.vcex_69e7d5f647713{text-align:center;color:#ffffff;font-family:Jost;font-size:15px;}<\/style><nav class=\"vcex-breadcrumbs vcex-breadcrumbs--links-inherit-color vcex-breadcrumbs--custom-color vc_custom_1733904428664 vcex_69e7d5f647713\"><span><span><a href=\"https:\/\/borgopallavicinimori.it\/fr\/\">Home<\/a><\/span><\/span><\/nav>[\/vc_column][\/vc_row][vc_row css_animation=\u00a0\u00bbfadeIn\u00a0\u00bb content_placement=\u00a0\u00bbmiddle\u00a0\u00bb el_class=\u00a0\u00bbptd60 pbd60 ptm40 pbm40&Prime;][vc_column css_animation=\u00a0\u00bbfadeInLeft\u00a0\u00bb width=\u00a0\u00bb1\/2&Prime; css_animation_delay=\u00a0\u00bb0.2&Prime; el_class=\u00a0\u00bbmaxw730&Prime;][vc_column_text css=\u00a0\u00bb\u00a0\u00bb]\n<h2>Un v\u00e9ritable<br \/>\nCoin de Paradis<\/h2>\n[\/vc_column_text][vc_column_text css=\u00a0\u00bb.vc_custom_1763134209005{margin-top: 15px !important;}\u00a0\u00bb]Le <strong>domaine<\/strong> entourant le <strong>Borgo Pallavicini Mori<\/strong> est un <strong>v\u00e9ritable coin de paradis<\/strong>. Avec ses <strong>for\u00eats s\u00e9culaires<\/strong>, ses champs cultiv\u00e9s et ses <strong>vestiges historiques<\/strong>, la propri\u00e9t\u00e9 repr\u00e9sente un <strong>\u00e9quilibre parfait entre nature et culture.<\/strong> Se promener sous les <strong>ch\u00eanes<\/strong> ou explorer les <strong>anciennes grottes \u00e9trusques<\/strong> est une <strong>exp\u00e9rience unique<\/strong> qui permet de se <strong>reconnecter<\/strong> \u00e0 la beaut\u00e9 du pass\u00e9 et \u00e0 la <strong>s\u00e9r\u00e9nit\u00e9 du pr\u00e9sent.<\/strong><\/p>\n<p>Pendant les mois les plus chauds, les h\u00f4tes peuvent se d\u00e9tendre dans la <strong>piscine ext\u00e9rieure, nich\u00e9e au c\u0153ur de la verdure<\/strong>, id\u00e9ale pour<strong> se rafra\u00eechir<\/strong> lors des <strong>journ\u00e9es ensoleill\u00e9es<\/strong>. Le <strong>domaine<\/strong> offre \u00e9galement des espaces parfaits pour des <strong>activit\u00e9s en plein air<\/strong>, comme des <strong>promenades<\/strong>, du <strong>yoga<\/strong> ou simplement des <strong>instants de relaxation<\/strong> sous le ciel bleu de la<strong> campagne romaine.<\/strong><\/p>\n<p>L\u2019alliance de <strong>paysages \u00e0 couper le souffle<\/strong>, d\u2019une <strong>histoire mill\u00e9naire<\/strong> et d\u2019un<strong> accueil irr\u00e9prochable<\/strong> fait du <strong>Borgo Pallavicini Mori<\/strong> un <strong>lieu unique<\/strong>, capable d\u2019offrir un <strong>s\u00e9jour inoubliable<\/strong>, grav\u00e9 dans le c\u0153ur de chaque visiteur.[\/vc_column_text][\/vc_column][vc_column css_animation=\u00a0\u00bbfadeInRight\u00a0\u00bb width=\u00a0\u00bb1\/2&Prime; css_animation_delay=\u00a0\u00bb0.4&Prime; el_class=\u00a0\u00bbmtm40&Prime;][vc_row_inner][vc_column_inner width=\u00a0\u00bb1\/12&Prime;][\/vc_column_inner][vc_column_inner width=\u00a0\u00bb5\/12&Prime;][vc_single_image image=\u00a0\u00bb1159&Prime; img_size=\u00a0\u00bb374&#215;549&Prime; css=\u00a0\u00bb\u00a0\u00bb][\/vc_column_inner][vc_column_inner el_class=\u00a0\u00bbmtd50 mtm40&Prime; width=\u00a0\u00bb5\/12&Prime;][vc_single_image image=\u00a0\u00bb1544&Prime; img_size=\u00a0\u00bb374&#215;549&Prime; css=\u00a0\u00bb\u00a0\u00bb][\/vc_column_inner][vc_column_inner width=\u00a0\u00bb1\/12&Prime;][\/vc_column_inner][\/vc_row_inner][\/vc_column][\/vc_row]\n<\/div>","protected":false},"excerpt":{"rendered":"<p>[vc_row css_animation=\u00a0\u00bbfadeIn\u00a0\u00bb full_width=\u00a0\u00bbstretch_row\u00a0\u00bb wpex_bg_overlay=\u00a0\u00bbcolor\u00a0\u00bb wpex_bg_overlay_color=\u00a0\u00bb#000000&Prime; wpex_bg_overlay_opacity=\u00a0\u00bb60%\u00a0\u00bb css=\u00a0\u00bb.vc_custom_1734009440345{background-image: url(https:\/\/borgopallavicinimori.it\/wp-content\/uploads\/2024\/12\/la_tenuta_slide.jpg?id=1157) !important;background-position: center !important;background-repeat: no-repeat !important;background-size: cover !important;}\u00a0\u00bb min_height=\u00a0\u00bb400px\u00a0\u00bb][vc_column][vc_column_text css=\u00a0\u00bb\u00a0\u00bb el_class=\u00a0\u00bbmtd210 mtm210&Prime;] Le Domaine [\/vc_column_text][vc_separator color=\u00a0\u00bbcustom\u00a0\u00bb el_width=\u00a0\u00bb20&Prime; css=\u00a0\u00bb.vc_custom_1733904344560{margin-top: 10px !important;}\u00a0\u00bb accent_color=\u00a0\u00bb#d5ae5f\u00a0\u00bb][\/vc_column][\/vc_row][vc_row css_animation=\u00a0\u00bbfadeIn\u00a0\u00bb content_placement=\u00a0\u00bbmiddle\u00a0\u00bb el_class=\u00a0\u00bbptd60 pbd60 ptm40 pbm40&Prime;][vc_column css_animation=\u00a0\u00bbfadeInLeft\u00a0\u00bb width=\u00a0\u00bb1\/2&Prime; css_animation_delay=\u00a0\u00bb0.2&Prime; el_class=\u00a0\u00bbmaxw730&Prime;][vc_column_text css=\u00a0\u00bb\u00a0\u00bb] Un v\u00e9ritable Coin de Paradis [\/vc_column_text][vc_column_text css=\u00a0\u00bb.vc_custom_1763134209005{margin-top: 15px !important;}\u00a0\u00bb]Le domaine entourant le Borgo Pallavicini Mori est&hellip;<\/p>\n","protected":false},"author":1,"featured_media":0,"parent":2179,"menu_order":0,"comment_status":"closed","ping_status":"closed","template":"","meta":{"inline_featured_image":false,"footnotes":""},"class_list":["post-2213","page","type-page","status-publish","hentry","entry","no-media"],"yoast_head":"<!-- This site is optimized with the Yoast SEO plugin v27.0 - https:\/\/yoast.com\/product\/yoast-seo-wordpress\/ -->\n<title>Le domaine - Borgo Pallavicini Mori<\/title>\n<meta name=\"robots\" content=\"index, follow, max-snippet:-1, max-image-preview:large, max-video-preview:-1\" \/>\n<link rel=\"canonical\" href=\"https:\/\/borgopallavicinimori.it\/fr\/qui-sommes-nous\/le-domaine\/\" \/>\n<meta property=\"og:locale\" content=\"fr_FR\" \/>\n<meta property=\"og:type\" content=\"article\" \/>\n<meta property=\"og:title\" content=\"Le domaine - Borgo Pallavicini Mori\" \/>\n<meta property=\"og:description\" content=\"[vc_row css_animation=\u00a0\u00bbfadeIn\u00a0\u00bb full_width=\u00a0\u00bbstretch_row\u00a0\u00bb wpex_bg_overlay=\u00a0\u00bbcolor\u00a0\u00bb wpex_bg_overlay_color=\u00a0\u00bb#000000&Prime; wpex_bg_overlay_opacity=\u00a0\u00bb60%\u00a0\u00bb css=\u00a0\u00bb.vc_custom_1734009440345{background-image: url(https:\/\/borgopallavicinimori.it\/wp-content\/uploads\/2024\/12\/la_tenuta_slide.jpg?id=1157) !important;background-position: center !important;background-repeat: no-repeat !important;background-size: cover !important;}\u00a0\u00bb min_height=\u00a0\u00bb400px\u00a0\u00bb][vc_column][vc_column_text css=\u00a0\u00bb\u00a0\u00bb el_class=\u00a0\u00bbmtd210 mtm210&Prime;] Le Domaine [\/vc_column_text][vc_separator color=\u00a0\u00bbcustom\u00a0\u00bb el_width=\u00a0\u00bb20&Prime; css=\u00a0\u00bb.vc_custom_1733904344560{margin-top: 10px !important;}\u00a0\u00bb accent_color=\u00a0\u00bb#d5ae5f\u00a0\u00bb][\/vc_column][\/vc_row][vc_row css_animation=\u00a0\u00bbfadeIn\u00a0\u00bb content_placement=\u00a0\u00bbmiddle\u00a0\u00bb el_class=\u00a0\u00bbptd60 pbd60 ptm40 pbm40&Prime;][vc_column css_animation=\u00a0\u00bbfadeInLeft\u00a0\u00bb width=\u00a0\u00bb1\/2&Prime; css_animation_delay=\u00a0\u00bb0.2&Prime; el_class=\u00a0\u00bbmaxw730&Prime;][vc_column_text css=\u00a0\u00bb\u00a0\u00bb] Un v\u00e9ritable Coin de Paradis [\/vc_column_text][vc_column_text css=\u00a0\u00bb.vc_custom_1763134209005{margin-top: 15px !important;}\u00a0\u00bb]Le domaine entourant le Borgo Pallavicini Mori est&hellip;\" \/>\n<meta property=\"og:url\" content=\"https:\/\/borgopallavicinimori.it\/fr\/qui-sommes-nous\/le-domaine\/\" \/>\n<meta property=\"og:site_name\" content=\"Borgo Pallavicini Mori\" \/>\n<meta property=\"article:modified_time\" content=\"2025-11-14T15:30:11+00:00\" \/>\n<meta name=\"twitter:card\" content=\"summary_large_image\" \/>\n<meta name=\"twitter:label1\" content=\"Dur\u00e9e de lecture estim\u00e9e\" \/>\n\t<meta name=\"twitter:data1\" content=\"2 minutes\" \/>\n<script type=\"application\/ld+json\" class=\"yoast-schema-graph\">{\"@context\":\"https:\/\/schema.org\",\"@graph\":[{\"@type\":\"WebPage\",\"@id\":\"https:\/\/borgopallavicinimori.it\/fr\/qui-sommes-nous\/le-domaine\/\",\"url\":\"https:\/\/borgopallavicinimori.it\/fr\/qui-sommes-nous\/le-domaine\/\",\"name\":\"Le domaine - Borgo Pallavicini Mori\",\"isPartOf\":{\"@id\":\"https:\/\/borgopallavicinimori.it\/#website\"},\"datePublished\":\"2024-09-23T12:05:39+00:00\",\"dateModified\":\"2025-11-14T15:30:11+00:00\",\"breadcrumb\":{\"@id\":\"https:\/\/borgopallavicinimori.it\/fr\/qui-sommes-nous\/le-domaine\/#breadcrumb\"},\"inLanguage\":\"fr-FR\",\"potentialAction\":[{\"@type\":\"ReadAction\",\"target\":[\"https:\/\/borgopallavicinimori.it\/fr\/qui-sommes-nous\/le-domaine\/\"]}]},{\"@type\":\"BreadcrumbList\",\"@id\":\"https:\/\/borgopallavicinimori.it\/fr\/qui-sommes-nous\/le-domaine\/#breadcrumb\",\"itemListElement\":[{\"@type\":\"ListItem\",\"position\":1,\"name\":\"Home\",\"item\":\"https:\/\/borgopallavicinimori.it\/fr\/\"},{\"@type\":\"ListItem\",\"position\":2,\"name\":\"Qui sommes-nous\",\"item\":\"https:\/\/borgopallavicinimori.it\/fr\/qui-sommes-nous\/\"},{\"@type\":\"ListItem\",\"position\":3,\"name\":\"Le domaine\"}]},{\"@type\":\"WebSite\",\"@id\":\"https:\/\/borgopallavicinimori.it\/#website\",\"url\":\"https:\/\/borgopallavicinimori.it\/\",\"name\":\"Borgo Pallavicini Mori\",\"description\":\"\",\"publisher\":{\"@id\":\"https:\/\/borgopallavicinimori.it\/#organization\"},\"potentialAction\":[{\"@type\":\"SearchAction\",\"target\":{\"@type\":\"EntryPoint\",\"urlTemplate\":\"https:\/\/borgopallavicinimori.it\/?s={search_term_string}\"},\"query-input\":{\"@type\":\"PropertyValueSpecification\",\"valueRequired\":true,\"valueName\":\"search_term_string\"}}],\"inLanguage\":\"fr-FR\"},{\"@type\":\"Organization\",\"@id\":\"https:\/\/borgopallavicinimori.it\/#organization\",\"name\":\"Borgo Pallavicini Mori\",\"url\":\"https:\/\/borgopallavicinimori.it\/\",\"logo\":{\"@type\":\"ImageObject\",\"inLanguage\":\"fr-FR\",\"@id\":\"https:\/\/borgopallavicinimori.it\/#\/schema\/logo\/image\/\",\"url\":\"https:\/\/borgopallavicinimori.it\/wp-content\/uploads\/2025\/01\/Full-Color_2-8.png\",\"contentUrl\":\"https:\/\/borgopallavicinimori.it\/wp-content\/uploads\/2025\/01\/Full-Color_2-8.png\",\"width\":367,\"height\":213,\"caption\":\"Borgo Pallavicini Mori\"},\"image\":{\"@id\":\"https:\/\/borgopallavicinimori.it\/#\/schema\/logo\/image\/\"}}]}<\/script>\n<!-- \/ Yoast SEO plugin. -->","yoast_head_json":{"title":"Le domaine - Borgo Pallavicini Mori","robots":{"index":"index","follow":"follow","max-snippet":"max-snippet:-1","max-image-preview":"max-image-preview:large","max-video-preview":"max-video-preview:-1"},"canonical":"https:\/\/borgopallavicinimori.it\/fr\/qui-sommes-nous\/le-domaine\/","og_locale":"fr_FR","og_type":"article","og_title":"Le domaine - Borgo Pallavicini Mori","og_description":"[vc_row css_animation=\u00a0\u00bbfadeIn\u00a0\u00bb full_width=\u00a0\u00bbstretch_row\u00a0\u00bb wpex_bg_overlay=\u00a0\u00bbcolor\u00a0\u00bb wpex_bg_overlay_color=\u00a0\u00bb#000000&Prime; wpex_bg_overlay_opacity=\u00a0\u00bb60%\u00a0\u00bb css=\u00a0\u00bb.vc_custom_1734009440345{background-image: url(https:\/\/borgopallavicinimori.it\/wp-content\/uploads\/2024\/12\/la_tenuta_slide.jpg?id=1157) !important;background-position: center !important;background-repeat: no-repeat !important;background-size: cover !important;}\u00a0\u00bb min_height=\u00a0\u00bb400px\u00a0\u00bb][vc_column][vc_column_text css=\u00a0\u00bb\u00a0\u00bb el_class=\u00a0\u00bbmtd210 mtm210&Prime;] Le Domaine [\/vc_column_text][vc_separator color=\u00a0\u00bbcustom\u00a0\u00bb el_width=\u00a0\u00bb20&Prime; css=\u00a0\u00bb.vc_custom_1733904344560{margin-top: 10px !important;}\u00a0\u00bb accent_color=\u00a0\u00bb#d5ae5f\u00a0\u00bb][\/vc_column][\/vc_row][vc_row css_animation=\u00a0\u00bbfadeIn\u00a0\u00bb content_placement=\u00a0\u00bbmiddle\u00a0\u00bb el_class=\u00a0\u00bbptd60 pbd60 ptm40 pbm40&Prime;][vc_column css_animation=\u00a0\u00bbfadeInLeft\u00a0\u00bb width=\u00a0\u00bb1\/2&Prime; css_animation_delay=\u00a0\u00bb0.2&Prime; el_class=\u00a0\u00bbmaxw730&Prime;][vc_column_text css=\u00a0\u00bb\u00a0\u00bb] Un v\u00e9ritable Coin de Paradis [\/vc_column_text][vc_column_text css=\u00a0\u00bb.vc_custom_1763134209005{margin-top: 15px !important;}\u00a0\u00bb]Le domaine entourant le Borgo Pallavicini Mori est&hellip;","og_url":"https:\/\/borgopallavicinimori.it\/fr\/qui-sommes-nous\/le-domaine\/","og_site_name":"Borgo Pallavicini Mori","article_modified_time":"2025-11-14T15:30:11+00:00","twitter_card":"summary_large_image","twitter_misc":{"Dur\u00e9e de lecture estim\u00e9e":"2 minutes"},"schema":{"@context":"https:\/\/schema.org","@graph":[{"@type":"WebPage","@id":"https:\/\/borgopallavicinimori.it\/fr\/qui-sommes-nous\/le-domaine\/","url":"https:\/\/borgopallavicinimori.it\/fr\/qui-sommes-nous\/le-domaine\/","name":"Le domaine - Borgo Pallavicini Mori","isPartOf":{"@id":"https:\/\/borgopallavicinimori.it\/#website"},"datePublished":"2024-09-23T12:05:39+00:00","dateModified":"2025-11-14T15:30:11+00:00","breadcrumb":{"@id":"https:\/\/borgopallavicinimori.it\/fr\/qui-sommes-nous\/le-domaine\/#breadcrumb"},"inLanguage":"fr-FR","potentialAction":[{"@type":"ReadAction","target":["https:\/\/borgopallavicinimori.it\/fr\/qui-sommes-nous\/le-domaine\/"]}]},{"@type":"BreadcrumbList","@id":"https:\/\/borgopallavicinimori.it\/fr\/qui-sommes-nous\/le-domaine\/#breadcrumb","itemListElement":[{"@type":"ListItem","position":1,"name":"Home","item":"https:\/\/borgopallavicinimori.it\/fr\/"},{"@type":"ListItem","position":2,"name":"Qui sommes-nous","item":"https:\/\/borgopallavicinimori.it\/fr\/qui-sommes-nous\/"},{"@type":"ListItem","position":3,"name":"Le domaine"}]},{"@type":"WebSite","@id":"https:\/\/borgopallavicinimori.it\/#website","url":"https:\/\/borgopallavicinimori.it\/","name":"Borgo Pallavicini Mori","description":"","publisher":{"@id":"https:\/\/borgopallavicinimori.it\/#organization"},"potentialAction":[{"@type":"SearchAction","target":{"@type":"EntryPoint","urlTemplate":"https:\/\/borgopallavicinimori.it\/?s={search_term_string}"},"query-input":{"@type":"PropertyValueSpecification","valueRequired":true,"valueName":"search_term_string"}}],"inLanguage":"fr-FR"},{"@type":"Organization","@id":"https:\/\/borgopallavicinimori.it\/#organization","name":"Borgo Pallavicini Mori","url":"https:\/\/borgopallavicinimori.it\/","logo":{"@type":"ImageObject","inLanguage":"fr-FR","@id":"https:\/\/borgopallavicinimori.it\/#\/schema\/logo\/image\/","url":"https:\/\/borgopallavicinimori.it\/wp-content\/uploads\/2025\/01\/Full-Color_2-8.png","contentUrl":"https:\/\/borgopallavicinimori.it\/wp-content\/uploads\/2025\/01\/Full-Color_2-8.png","width":367,"height":213,"caption":"Borgo Pallavicini Mori"},"image":{"@id":"https:\/\/borgopallavicinimori.it\/#\/schema\/logo\/image\/"}}]}},"_links":{"self":[{"href":"https:\/\/borgopallavicinimori.it\/fr\/wp-json\/wp\/v2\/pages\/2213","targetHints":{"allow":["GET"]}}],"collection":[{"href":"https:\/\/borgopallavicinimori.it\/fr\/wp-json\/wp\/v2\/pages"}],"about":[{"href":"https:\/\/borgopallavicinimori.it\/fr\/wp-json\/wp\/v2\/types\/page"}],"author":[{"embeddable":true,"href":"https:\/\/borgopallavicinimori.it\/fr\/wp-json\/wp\/v2\/users\/1"}],"replies":[{"embeddable":true,"href":"https:\/\/borgopallavicinimori.it\/fr\/wp-json\/wp\/v2\/comments?post=2213"}],"version-history":[{"count":3,"href":"https:\/\/borgopallavicinimori.it\/fr\/wp-json\/wp\/v2\/pages\/2213\/revisions"}],"predecessor-version":[{"id":3414,"href":"https:\/\/borgopallavicinimori.it\/fr\/wp-json\/wp\/v2\/pages\/2213\/revisions\/3414"}],"up":[{"embeddable":true,"href":"https:\/\/borgopallavicinimori.it\/fr\/wp-json\/wp\/v2\/pages\/2179"}],"wp:attachment":[{"href":"https:\/\/borgopallavicinimori.it\/fr\/wp-json\/wp\/v2\/media?parent=2213"}],"curies":[{"name":"wp","href":"https:\/\/api.w.org\/{rel}","templated":true}]}}