{"id":2207,"date":"2025-01-13T14:58:20","date_gmt":"2025-01-13T13:58:20","guid":{"rendered":"https:\/\/borgopallavicinimori.it\/?page_id=2207"},"modified":"2025-11-14T16:19:14","modified_gmt":"2025-11-14T15:19:14","slug":"lhistoire-de-la-famille","status":"publish","type":"page","link":"https:\/\/borgopallavicinimori.it\/fr\/qui-sommes-nous\/lhistoire-de-la-famille\/","title":{"rendered":"L&rsquo;histoire de la famille"},"content":{"rendered":"<div class=\"wpb-content-wrapper\">[vc_row css_animation=\u00a0\u00bbfadeIn\u00a0\u00bb full_width=\u00a0\u00bbstretch_row\u00a0\u00bb wpex_bg_overlay=\u00a0\u00bbcolor\u00a0\u00bb wpex_bg_overlay_color=\u00a0\u00bb#000000&Prime; wpex_bg_overlay_opacity=\u00a0\u00bb60%\u00a0\u00bb css=\u00a0\u00bb.vc_custom_1734009440345{background-image: url(https:\/\/borgopallavicinimori.it\/wp-content\/uploads\/2024\/12\/la_tenuta_slide.jpg?id=1157) !important;background-position: center !important;background-repeat: no-repeat !important;background-size: cover !important;}\u00a0\u00bb min_height=\u00a0\u00bb400px\u00a0\u00bb][vc_column][vc_column_text css=\u00a0\u00bb\u00a0\u00bb el_class=\u00a0\u00bbmtd210 mtm210&Prime;]\n<h1 style=\"text-align: center;\">L&rsquo;Histoire de la Famille<\/h1>\n[\/vc_column_text][vc_separator color=\u00a0\u00bbcustom\u00a0\u00bb el_width=\u00a0\u00bb20&Prime; css=\u00a0\u00bb.vc_custom_1733904344560{margin-top: 10px !important;}\u00a0\u00bb accent_color=\u00a0\u00bb#d5ae5f\u00a0\u00bb]<style>.vcex-breadcrumbs.vcex_69e7bebb9eab8 .sep{color:#8b8585;}.vcex-breadcrumbs.vcex_69e7bebb9eab8{text-align:center;color:#ffffff;font-family:Jost;font-size:15px;}<\/style><nav class=\"vcex-breadcrumbs vcex-breadcrumbs--links-inherit-color vcex-breadcrumbs--custom-color vc_custom_1733904428664 vcex_69e7bebb9eab8\"><span><span><a href=\"https:\/\/borgopallavicinimori.it\/fr\/\">Home<\/a><\/span><\/span><\/nav>[\/vc_column][\/vc_row][vc_row css_animation=\u00a0\u00bbfadeIn\u00a0\u00bb content_placement=\u00a0\u00bbmiddle\u00a0\u00bb el_class=\u00a0\u00bbptd60 ptm40 pbm40&Prime;][vc_column css_animation=\u00a0\u00bbfadeInLeft\u00a0\u00bb width=\u00a0\u00bb1\/2&Prime; css_animation_delay=\u00a0\u00bb0.2&Prime; el_class=\u00a0\u00bbmaxw730&Prime;][vc_column_text css=\u00a0\u00bb\u00a0\u00bb]\n<h2>La vieille<br \/>\nvia Tiberina<\/h2>\n[\/vc_column_text][vc_column_text css=\u00a0\u00bb.vc_custom_1763133289630{margin-top: 15px !important;}\u00a0\u00bb]La <strong>via Tiberina<\/strong> est l\u2019ancienne route qui part de l\u2019<strong>Urbs<\/strong> et traverse la magnifique et fertile <strong>plaine du Tibre<\/strong>, riche en <strong>for\u00eats s\u00e9culaires<\/strong> et vastes champs agricoles, dont les couleurs fascinantes changent au gr\u00e9 des saisons.<\/p>\n<p>\u00c0 <strong>vingt minutes de Rome<\/strong>, sur la <strong>Tiberina<\/strong>, se trouve le <strong>domaine agricole Pallavicini Mori<\/strong>. Une <strong>propri\u00e9t\u00e9 de 270 hectares<\/strong> dont les origines remontent au <strong>XVI\u1d49 si\u00e8cle<\/strong>, ayant appartenu aux <strong>Altieri<\/strong> avant de passer \u00e0 la <strong>famille Pallavicini.<\/strong><\/p>\n<p>L\u2019actuelle propri\u00e9taire, <strong>Augusta Pallavicini Mori<\/strong>, est la fille du marquis Andrea Pallavicini et petite-fille de Roberto Fabio Pallavicini (patricien de G\u00eanes) et Maria Augusta Altieri (noble romaine).[\/vc_column_text][\/vc_column][vc_column css_animation=\u00a0\u00bbfadeInRight\u00a0\u00bb width=\u00a0\u00bb1\/2&Prime; css_animation_delay=\u00a0\u00bb0.4&Prime; el_class=\u00a0\u00bbmtm40&Prime;][vc_row_inner][vc_column_inner width=\u00a0\u00bb1\/12&Prime;][\/vc_column_inner][vc_column_inner width=\u00a0\u00bb5\/12&Prime;][vc_single_image image=\u00a0\u00bb1159&Prime; img_size=\u00a0\u00bb374&#215;549&Prime; css=\u00a0\u00bb\u00a0\u00bb][\/vc_column_inner][vc_column_inner el_class=\u00a0\u00bbmtd50 mtm40&Prime; width=\u00a0\u00bb5\/12&Prime;][vc_single_image image=\u00a0\u00bb1544&Prime; img_size=\u00a0\u00bb374&#215;549&Prime; css=\u00a0\u00bb\u00a0\u00bb][\/vc_column_inner][vc_column_inner width=\u00a0\u00bb1\/12&Prime;][\/vc_column_inner][\/vc_row_inner][\/vc_column][\/vc_row][vc_row css_animation=\u00a0\u00bbfadeIn\u00a0\u00bb full_width=\u00a0\u00bbstretch_row\u00a0\u00bb content_placement=\u00a0\u00bbmiddle\u00a0\u00bb columns_right=\u00a0\u00bbyes\u00a0\u00bb el_class=\u00a0\u00bbptd60 pbd60 ptm40 pbm40 mtd60 mtm40&Prime; css=\u00a0\u00bb.vc_custom_1736332910309{background-color: #f4f2ec !important;}\u00a0\u00bb][vc_column css_animation=\u00a0\u00bbfadeInRight\u00a0\u00bb width=\u00a0\u00bb1\/2&Prime; css_animation_delay=\u00a0\u00bb0.4&Prime; el_class=\u00a0\u00bbmaxw730&Prime;][vc_column_text css=\u00a0\u00bb\u00a0\u00bb]\n<h2>L&rsquo;\u00c9toile \u00e0<br \/>\nHuit Branches<\/h2>\n[\/vc_column_text][vc_column_text css=\u00a0\u00bb.vc_custom_1763133347843{margin-top: 15px !important;}\u00a0\u00bb]L\u2019<strong>\u00e9toile \u00e0 huit branches des Altieri<\/strong> est l\u2019embl\u00e8me et le \u201clogo\u201d de ce domaine, symbolisant un <strong>chemin lumineux<\/strong>. Cet <strong>embl\u00e8me nobiliaire<\/strong> est \u00e9troitement li\u00e9 au culte de Notre-Dame des \u00c9toiles (la Vierge \u00e9tant \u00e9galement appel\u00e9e Stella Maris), une d\u00e9votion \u00e0 laquelle la <strong>famille Altieri<\/strong> a particip\u00e9.<\/p>\n<p>L\u2019\u201c\u00e9toile\u201d accueille les visiteurs d\u00e8s l\u2019entr\u00e9e du domaine, qui m\u00e8ne au <strong>hameau rural.<\/strong> Au centre de la place ou cour, se dresse un <strong>imposant abreuvoir restaur\u00e9<\/strong>, aujourd\u2019hui une <strong>\u0153uvre d\u2019art<\/strong> et un fascinant monument au labeur, plac\u00e9 au c\u0153ur d\u2019un <strong>village au charme historique.<\/strong>[\/vc_column_text][\/vc_column][vc_column css_animation=\u00a0\u00bbfadeInLeft\u00a0\u00bb width=\u00a0\u00bb1\/2&Prime; css_animation_delay=\u00a0\u00bb0.2&Prime; el_class=\u00a0\u00bbmtm40&Prime;][vc_row_inner][vc_column_inner width=\u00a0\u00bb5\/12&Prime;][vc_single_image image=\u00a0\u00bb2043&Prime; img_size=\u00a0\u00bb374&#215;549&Prime; css=\u00a0\u00bb\u00a0\u00bb][\/vc_column_inner][vc_column_inner width=\u00a0\u00bb5\/12&Prime;][vc_single_image image=\u00a0\u00bb2041&Prime; img_size=\u00a0\u00bb374&#215;549&Prime; css=\u00a0\u00bb\u00a0\u00bb][\/vc_column_inner][\/vc_row_inner][\/vc_column][\/vc_row][vc_row css_animation=\u00a0\u00bbfadeIn\u00a0\u00bb content_placement=\u00a0\u00bbmiddle\u00a0\u00bb el_class=\u00a0\u00bbptd60 ptm40 pbm40&Prime;][vc_column css_animation=\u00a0\u00bbfadeInLeft\u00a0\u00bb width=\u00a0\u00bb1\/2&Prime; css_animation_delay=\u00a0\u00bb0.2&Prime; el_class=\u00a0\u00bbmaxw730&Prime;][vc_column_text css=\u00a0\u00bb\u00a0\u00bb]\n<h2>La Rencontre entre<br \/>\nPass\u00e9 et Avenir<\/h2>\n[\/vc_column_text][vc_column_text css=\u00a0\u00bb.vc_custom_1763133428631{margin-top: 15px !important;}\u00a0\u00bb]L\u2019ensemble des b\u00e2timents a \u00e9t\u00e9 <strong>enti\u00e8rement r\u00e9nov\u00e9<\/strong> apr\u00e8s douze ann\u00e9es de co\u00fbteux et complexes <strong>travaux de restauration<\/strong>, visant \u00e0 <strong>pr\u00e9server l\u2019identit\u00e9 des \u00e9difices<\/strong> tout en les modernisant int\u00e9rieurement pour les rendre fonctionnels.<\/p>\n<p>Aujourd\u2019hui, le domaine est un<strong> \u00e9tablissement exclusif de tr\u00e8s haut niveau<\/strong> : un <strong>relais de charme<\/strong> nich\u00e9 dans le <strong>calme de la campagne<\/strong>, entour\u00e9 de<strong> majestueux ch\u00eanes<\/strong> et de <strong>vestiges des civilisations \u00e9trusque et romaine<\/strong>.<\/p>\n<p>Bien que l\u2019activit\u00e9 ait d\u00e9but\u00e9 r\u00e9cemment, le <strong>relais<\/strong> a rapidement suscit\u00e9 l\u2019int\u00e9r\u00eat des touristes, en particulier \u00e9trangers.<\/p>\n<p>\u201cLa rencontre entre<strong> pass\u00e9 et avenir<\/strong> a toujours \u00e9t\u00e9 recherch\u00e9e\u201d, souligne la marquise <strong>Pallavicini Mori<\/strong>.[\/vc_column_text][\/vc_column][vc_column css_animation=\u00a0\u00bbfadeInRight\u00a0\u00bb width=\u00a0\u00bb1\/2&Prime; css_animation_delay=\u00a0\u00bb0.4&Prime; el_class=\u00a0\u00bbmtm40&Prime;][vc_row_inner][vc_column_inner width=\u00a0\u00bb1\/12&Prime;][\/vc_column_inner][vc_column_inner width=\u00a0\u00bb5\/12&Prime;][vc_single_image image=\u00a0\u00bb2067&Prime; img_size=\u00a0\u00bb374&#215;549&Prime; css=\u00a0\u00bb\u00a0\u00bb][\/vc_column_inner][vc_column_inner el_class=\u00a0\u00bbmtd50 mtm40&Prime; width=\u00a0\u00bb5\/12&Prime;][vc_single_image image=\u00a0\u00bb2059&Prime; img_size=\u00a0\u00bb374&#215;549&Prime; css=\u00a0\u00bb\u00a0\u00bb][\/vc_column_inner][vc_column_inner width=\u00a0\u00bb1\/12&Prime;][\/vc_column_inner][\/vc_row_inner][\/vc_column][\/vc_row][vc_row css_animation=\u00a0\u00bbfadeIn\u00a0\u00bb content_placement=\u00a0\u00bbmiddle\u00a0\u00bb columns_right=\u00a0\u00bbyes\u00a0\u00bb el_class=\u00a0\u00bbptd60 pbd60 ptm40 pbm40&Prime;][vc_column css_animation=\u00a0\u00bbfadeInRight\u00a0\u00bb width=\u00a0\u00bb1\/2&Prime; css_animation_delay=\u00a0\u00bb0.2&Prime; el_class=\u00a0\u00bbmaxw730&Prime;][vc_column_text css=\u00a0\u00bb\u00a0\u00bb]\n<h2>Le Complexe<br \/>\nRural<\/h2>\n[\/vc_column_text][vc_column_text css=\u00a0\u00bb.vc_custom_1763133551527{margin-top: 15px !important;}\u00a0\u00bb]Les b\u00e2timents du <strong>hameau<\/strong>, sauv\u00e9s de l\u2019abandon et modernis\u00e9s, offrent un<strong> confort absolu<\/strong> pour des<strong> vacances plac\u00e9es sous le signe de la d\u00e9tente<\/strong>.<\/p>\n<p>Le <strong>complexe rural<\/strong> comprend des <strong>salles de r\u00e9ception<\/strong> <strong>et de congr\u00e8s<\/strong>, un <strong>restaurant<\/strong> et une <strong>piscine<\/strong>. Les <strong>h\u00e9bergements<\/strong> propos\u00e9s aux h\u00f4tes sont de v\u00e9ritables <strong>mini-appartements<\/strong>, certains \u00e9quip\u00e9s de<strong> coins cuisine,<\/strong> parfaits pour les familles avec enfants.<\/p>\n<p>Le mobilier allie modernit\u00e9 et <strong>d\u00e9tails historiques<\/strong>, tels que des plafonds aux <strong>poutres apparentes<\/strong>, d\u2019<strong>anciens coffres<\/strong>, des bureaux et des fauteuils. Particuli\u00e8rement pittoresques, les mezzanines dans les chambres mettent en valeur des <strong>baignoires r\u00e9tro.<\/strong><\/p>\n<p>Dans le centre administratif et de r\u00e9ception, une grande table moderne tr\u00f4ne aux c\u00f4t\u00e9s d\u2019un ancien tamis suspendu au mur, symbolisant la <strong>parfaite union entre tradition et innovation.<\/strong>[\/vc_column_text][\/vc_column][vc_column css_animation=\u00a0\u00bbfadeInLeft\u00a0\u00bb width=\u00a0\u00bb1\/2&Prime; css_animation_delay=\u00a0\u00bb0.4&Prime; el_class=\u00a0\u00bbmtm40&Prime;][vc_row_inner][vc_column_inner width=\u00a0\u00bb1\/12&Prime;][\/vc_column_inner][vc_column_inner width=\u00a0\u00bb5\/12&Prime;][vc_single_image image=\u00a0\u00bb2065&Prime; img_size=\u00a0\u00bb374&#215;549&Prime; css=\u00a0\u00bb\u00a0\u00bb][\/vc_column_inner][vc_column_inner el_class=\u00a0\u00bbmtd50 mtm40&Prime; width=\u00a0\u00bb5\/12&Prime;][vc_single_image image=\u00a0\u00bb2061&Prime; img_size=\u00a0\u00bb374&#215;549&Prime; css=\u00a0\u00bb\u00a0\u00bb][\/vc_column_inner][vc_column_inner width=\u00a0\u00bb1\/12&Prime;][\/vc_column_inner][\/vc_row_inner][\/vc_column][\/vc_row]\n<\/div>","protected":false},"excerpt":{"rendered":"<p>[vc_row css_animation=\u00a0\u00bbfadeIn\u00a0\u00bb full_width=\u00a0\u00bbstretch_row\u00a0\u00bb wpex_bg_overlay=\u00a0\u00bbcolor\u00a0\u00bb wpex_bg_overlay_color=\u00a0\u00bb#000000&Prime; wpex_bg_overlay_opacity=\u00a0\u00bb60%\u00a0\u00bb css=\u00a0\u00bb.vc_custom_1734009440345{background-image: url(https:\/\/borgopallavicinimori.it\/wp-content\/uploads\/2024\/12\/la_tenuta_slide.jpg?id=1157) !important;background-position: center !important;background-repeat: no-repeat !important;background-size: cover !important;}\u00a0\u00bb min_height=\u00a0\u00bb400px\u00a0\u00bb][vc_column][vc_column_text css=\u00a0\u00bb\u00a0\u00bb el_class=\u00a0\u00bbmtd210 mtm210&Prime;] L&rsquo;Histoire de la Famille [\/vc_column_text][vc_separator color=\u00a0\u00bbcustom\u00a0\u00bb el_width=\u00a0\u00bb20&Prime; css=\u00a0\u00bb.vc_custom_1733904344560{margin-top: 10px !important;}\u00a0\u00bb accent_color=\u00a0\u00bb#d5ae5f\u00a0\u00bb][\/vc_column][\/vc_row][vc_row css_animation=\u00a0\u00bbfadeIn\u00a0\u00bb content_placement=\u00a0\u00bbmiddle\u00a0\u00bb el_class=\u00a0\u00bbptd60 ptm40 pbm40&Prime;][vc_column css_animation=\u00a0\u00bbfadeInLeft\u00a0\u00bb width=\u00a0\u00bb1\/2&Prime; css_animation_delay=\u00a0\u00bb0.2&Prime; el_class=\u00a0\u00bbmaxw730&Prime;][vc_column_text css=\u00a0\u00bb\u00a0\u00bb] La vieille via Tiberina [\/vc_column_text][vc_column_text css=\u00a0\u00bb.vc_custom_1763133289630{margin-top: 15px !important;}\u00a0\u00bb]La via Tiberina est l\u2019ancienne route qui part&hellip;<\/p>\n","protected":false},"author":1,"featured_media":0,"parent":2179,"menu_order":0,"comment_status":"closed","ping_status":"closed","template":"","meta":{"inline_featured_image":false,"footnotes":""},"class_list":["post-2207","page","type-page","status-publish","hentry","entry","no-media"],"yoast_head":"<!-- This site is optimized with the Yoast SEO plugin v27.0 - https:\/\/yoast.com\/product\/yoast-seo-wordpress\/ -->\n<title>L&#039;histoire de la famille - Borgo Pallavicini Mori<\/title>\n<meta name=\"robots\" content=\"index, follow, max-snippet:-1, max-image-preview:large, max-video-preview:-1\" \/>\n<link rel=\"canonical\" href=\"https:\/\/borgopallavicinimori.it\/fr\/qui-sommes-nous\/lhistoire-de-la-famille\/\" \/>\n<meta property=\"og:locale\" content=\"fr_FR\" \/>\n<meta property=\"og:type\" content=\"article\" \/>\n<meta property=\"og:title\" content=\"L&#039;histoire de la famille - Borgo Pallavicini Mori\" \/>\n<meta property=\"og:description\" content=\"[vc_row css_animation=\u00a0\u00bbfadeIn\u00a0\u00bb full_width=\u00a0\u00bbstretch_row\u00a0\u00bb wpex_bg_overlay=\u00a0\u00bbcolor\u00a0\u00bb wpex_bg_overlay_color=\u00a0\u00bb#000000&Prime; wpex_bg_overlay_opacity=\u00a0\u00bb60%\u00a0\u00bb css=\u00a0\u00bb.vc_custom_1734009440345{background-image: url(https:\/\/borgopallavicinimori.it\/wp-content\/uploads\/2024\/12\/la_tenuta_slide.jpg?id=1157) !important;background-position: center !important;background-repeat: no-repeat !important;background-size: cover !important;}\u00a0\u00bb min_height=\u00a0\u00bb400px\u00a0\u00bb][vc_column][vc_column_text css=\u00a0\u00bb\u00a0\u00bb el_class=\u00a0\u00bbmtd210 mtm210&Prime;] L&rsquo;Histoire de la Famille [\/vc_column_text][vc_separator color=\u00a0\u00bbcustom\u00a0\u00bb el_width=\u00a0\u00bb20&Prime; css=\u00a0\u00bb.vc_custom_1733904344560{margin-top: 10px !important;}\u00a0\u00bb accent_color=\u00a0\u00bb#d5ae5f\u00a0\u00bb][\/vc_column][\/vc_row][vc_row css_animation=\u00a0\u00bbfadeIn\u00a0\u00bb content_placement=\u00a0\u00bbmiddle\u00a0\u00bb el_class=\u00a0\u00bbptd60 ptm40 pbm40&Prime;][vc_column css_animation=\u00a0\u00bbfadeInLeft\u00a0\u00bb width=\u00a0\u00bb1\/2&Prime; css_animation_delay=\u00a0\u00bb0.2&Prime; el_class=\u00a0\u00bbmaxw730&Prime;][vc_column_text css=\u00a0\u00bb\u00a0\u00bb] La vieille via Tiberina [\/vc_column_text][vc_column_text css=\u00a0\u00bb.vc_custom_1763133289630{margin-top: 15px !important;}\u00a0\u00bb]La via Tiberina est l\u2019ancienne route qui part&hellip;\" \/>\n<meta property=\"og:url\" content=\"https:\/\/borgopallavicinimori.it\/fr\/qui-sommes-nous\/lhistoire-de-la-famille\/\" \/>\n<meta property=\"og:site_name\" content=\"Borgo Pallavicini Mori\" \/>\n<meta property=\"article:modified_time\" content=\"2025-11-14T15:19:14+00:00\" \/>\n<meta name=\"twitter:card\" content=\"summary_large_image\" \/>\n<meta name=\"twitter:label1\" content=\"Dur\u00e9e de lecture estim\u00e9e\" \/>\n\t<meta name=\"twitter:data1\" content=\"5 minutes\" \/>\n<script type=\"application\/ld+json\" class=\"yoast-schema-graph\">{\"@context\":\"https:\/\/schema.org\",\"@graph\":[{\"@type\":\"WebPage\",\"@id\":\"https:\/\/borgopallavicinimori.it\/fr\/qui-sommes-nous\/lhistoire-de-la-famille\/\",\"url\":\"https:\/\/borgopallavicinimori.it\/fr\/qui-sommes-nous\/lhistoire-de-la-famille\/\",\"name\":\"L'histoire de la famille - Borgo Pallavicini Mori\",\"isPartOf\":{\"@id\":\"https:\/\/borgopallavicinimori.it\/#website\"},\"datePublished\":\"2025-01-13T13:58:20+00:00\",\"dateModified\":\"2025-11-14T15:19:14+00:00\",\"breadcrumb\":{\"@id\":\"https:\/\/borgopallavicinimori.it\/fr\/qui-sommes-nous\/lhistoire-de-la-famille\/#breadcrumb\"},\"inLanguage\":\"fr-FR\",\"potentialAction\":[{\"@type\":\"ReadAction\",\"target\":[\"https:\/\/borgopallavicinimori.it\/fr\/qui-sommes-nous\/lhistoire-de-la-famille\/\"]}]},{\"@type\":\"BreadcrumbList\",\"@id\":\"https:\/\/borgopallavicinimori.it\/fr\/qui-sommes-nous\/lhistoire-de-la-famille\/#breadcrumb\",\"itemListElement\":[{\"@type\":\"ListItem\",\"position\":1,\"name\":\"Home\",\"item\":\"https:\/\/borgopallavicinimori.it\/fr\/\"},{\"@type\":\"ListItem\",\"position\":2,\"name\":\"Qui sommes-nous\",\"item\":\"https:\/\/borgopallavicinimori.it\/fr\/qui-sommes-nous\/\"},{\"@type\":\"ListItem\",\"position\":3,\"name\":\"L&#8217;histoire de la famille\"}]},{\"@type\":\"WebSite\",\"@id\":\"https:\/\/borgopallavicinimori.it\/#website\",\"url\":\"https:\/\/borgopallavicinimori.it\/\",\"name\":\"Borgo Pallavicini Mori\",\"description\":\"\",\"publisher\":{\"@id\":\"https:\/\/borgopallavicinimori.it\/#organization\"},\"potentialAction\":[{\"@type\":\"SearchAction\",\"target\":{\"@type\":\"EntryPoint\",\"urlTemplate\":\"https:\/\/borgopallavicinimori.it\/?s={search_term_string}\"},\"query-input\":{\"@type\":\"PropertyValueSpecification\",\"valueRequired\":true,\"valueName\":\"search_term_string\"}}],\"inLanguage\":\"fr-FR\"},{\"@type\":\"Organization\",\"@id\":\"https:\/\/borgopallavicinimori.it\/#organization\",\"name\":\"Borgo Pallavicini Mori\",\"url\":\"https:\/\/borgopallavicinimori.it\/\",\"logo\":{\"@type\":\"ImageObject\",\"inLanguage\":\"fr-FR\",\"@id\":\"https:\/\/borgopallavicinimori.it\/#\/schema\/logo\/image\/\",\"url\":\"https:\/\/borgopallavicinimori.it\/wp-content\/uploads\/2025\/01\/Full-Color_2-8.png\",\"contentUrl\":\"https:\/\/borgopallavicinimori.it\/wp-content\/uploads\/2025\/01\/Full-Color_2-8.png\",\"width\":367,\"height\":213,\"caption\":\"Borgo Pallavicini Mori\"},\"image\":{\"@id\":\"https:\/\/borgopallavicinimori.it\/#\/schema\/logo\/image\/\"}}]}<\/script>\n<!-- \/ Yoast SEO plugin. -->","yoast_head_json":{"title":"L'histoire de la famille - Borgo Pallavicini Mori","robots":{"index":"index","follow":"follow","max-snippet":"max-snippet:-1","max-image-preview":"max-image-preview:large","max-video-preview":"max-video-preview:-1"},"canonical":"https:\/\/borgopallavicinimori.it\/fr\/qui-sommes-nous\/lhistoire-de-la-famille\/","og_locale":"fr_FR","og_type":"article","og_title":"L'histoire de la famille - Borgo Pallavicini Mori","og_description":"[vc_row css_animation=\u00a0\u00bbfadeIn\u00a0\u00bb full_width=\u00a0\u00bbstretch_row\u00a0\u00bb wpex_bg_overlay=\u00a0\u00bbcolor\u00a0\u00bb wpex_bg_overlay_color=\u00a0\u00bb#000000&Prime; wpex_bg_overlay_opacity=\u00a0\u00bb60%\u00a0\u00bb css=\u00a0\u00bb.vc_custom_1734009440345{background-image: url(https:\/\/borgopallavicinimori.it\/wp-content\/uploads\/2024\/12\/la_tenuta_slide.jpg?id=1157) !important;background-position: center !important;background-repeat: no-repeat !important;background-size: cover !important;}\u00a0\u00bb min_height=\u00a0\u00bb400px\u00a0\u00bb][vc_column][vc_column_text css=\u00a0\u00bb\u00a0\u00bb el_class=\u00a0\u00bbmtd210 mtm210&Prime;] L&rsquo;Histoire de la Famille [\/vc_column_text][vc_separator color=\u00a0\u00bbcustom\u00a0\u00bb el_width=\u00a0\u00bb20&Prime; css=\u00a0\u00bb.vc_custom_1733904344560{margin-top: 10px !important;}\u00a0\u00bb accent_color=\u00a0\u00bb#d5ae5f\u00a0\u00bb][\/vc_column][\/vc_row][vc_row css_animation=\u00a0\u00bbfadeIn\u00a0\u00bb content_placement=\u00a0\u00bbmiddle\u00a0\u00bb el_class=\u00a0\u00bbptd60 ptm40 pbm40&Prime;][vc_column css_animation=\u00a0\u00bbfadeInLeft\u00a0\u00bb width=\u00a0\u00bb1\/2&Prime; css_animation_delay=\u00a0\u00bb0.2&Prime; el_class=\u00a0\u00bbmaxw730&Prime;][vc_column_text css=\u00a0\u00bb\u00a0\u00bb] La vieille via Tiberina [\/vc_column_text][vc_column_text css=\u00a0\u00bb.vc_custom_1763133289630{margin-top: 15px !important;}\u00a0\u00bb]La via Tiberina est l\u2019ancienne route qui part&hellip;","og_url":"https:\/\/borgopallavicinimori.it\/fr\/qui-sommes-nous\/lhistoire-de-la-famille\/","og_site_name":"Borgo Pallavicini Mori","article_modified_time":"2025-11-14T15:19:14+00:00","twitter_card":"summary_large_image","twitter_misc":{"Dur\u00e9e de lecture estim\u00e9e":"5 minutes"},"schema":{"@context":"https:\/\/schema.org","@graph":[{"@type":"WebPage","@id":"https:\/\/borgopallavicinimori.it\/fr\/qui-sommes-nous\/lhistoire-de-la-famille\/","url":"https:\/\/borgopallavicinimori.it\/fr\/qui-sommes-nous\/lhistoire-de-la-famille\/","name":"L'histoire de la famille - Borgo Pallavicini Mori","isPartOf":{"@id":"https:\/\/borgopallavicinimori.it\/#website"},"datePublished":"2025-01-13T13:58:20+00:00","dateModified":"2025-11-14T15:19:14+00:00","breadcrumb":{"@id":"https:\/\/borgopallavicinimori.it\/fr\/qui-sommes-nous\/lhistoire-de-la-famille\/#breadcrumb"},"inLanguage":"fr-FR","potentialAction":[{"@type":"ReadAction","target":["https:\/\/borgopallavicinimori.it\/fr\/qui-sommes-nous\/lhistoire-de-la-famille\/"]}]},{"@type":"BreadcrumbList","@id":"https:\/\/borgopallavicinimori.it\/fr\/qui-sommes-nous\/lhistoire-de-la-famille\/#breadcrumb","itemListElement":[{"@type":"ListItem","position":1,"name":"Home","item":"https:\/\/borgopallavicinimori.it\/fr\/"},{"@type":"ListItem","position":2,"name":"Qui sommes-nous","item":"https:\/\/borgopallavicinimori.it\/fr\/qui-sommes-nous\/"},{"@type":"ListItem","position":3,"name":"L&#8217;histoire de la famille"}]},{"@type":"WebSite","@id":"https:\/\/borgopallavicinimori.it\/#website","url":"https:\/\/borgopallavicinimori.it\/","name":"Borgo Pallavicini Mori","description":"","publisher":{"@id":"https:\/\/borgopallavicinimori.it\/#organization"},"potentialAction":[{"@type":"SearchAction","target":{"@type":"EntryPoint","urlTemplate":"https:\/\/borgopallavicinimori.it\/?s={search_term_string}"},"query-input":{"@type":"PropertyValueSpecification","valueRequired":true,"valueName":"search_term_string"}}],"inLanguage":"fr-FR"},{"@type":"Organization","@id":"https:\/\/borgopallavicinimori.it\/#organization","name":"Borgo Pallavicini Mori","url":"https:\/\/borgopallavicinimori.it\/","logo":{"@type":"ImageObject","inLanguage":"fr-FR","@id":"https:\/\/borgopallavicinimori.it\/#\/schema\/logo\/image\/","url":"https:\/\/borgopallavicinimori.it\/wp-content\/uploads\/2025\/01\/Full-Color_2-8.png","contentUrl":"https:\/\/borgopallavicinimori.it\/wp-content\/uploads\/2025\/01\/Full-Color_2-8.png","width":367,"height":213,"caption":"Borgo Pallavicini Mori"},"image":{"@id":"https:\/\/borgopallavicinimori.it\/#\/schema\/logo\/image\/"}}]}},"_links":{"self":[{"href":"https:\/\/borgopallavicinimori.it\/fr\/wp-json\/wp\/v2\/pages\/2207","targetHints":{"allow":["GET"]}}],"collection":[{"href":"https:\/\/borgopallavicinimori.it\/fr\/wp-json\/wp\/v2\/pages"}],"about":[{"href":"https:\/\/borgopallavicinimori.it\/fr\/wp-json\/wp\/v2\/types\/page"}],"author":[{"embeddable":true,"href":"https:\/\/borgopallavicinimori.it\/fr\/wp-json\/wp\/v2\/users\/1"}],"replies":[{"embeddable":true,"href":"https:\/\/borgopallavicinimori.it\/fr\/wp-json\/wp\/v2\/comments?post=2207"}],"version-history":[{"count":5,"href":"https:\/\/borgopallavicinimori.it\/fr\/wp-json\/wp\/v2\/pages\/2207\/revisions"}],"predecessor-version":[{"id":3410,"href":"https:\/\/borgopallavicinimori.it\/fr\/wp-json\/wp\/v2\/pages\/2207\/revisions\/3410"}],"up":[{"embeddable":true,"href":"https:\/\/borgopallavicinimori.it\/fr\/wp-json\/wp\/v2\/pages\/2179"}],"wp:attachment":[{"href":"https:\/\/borgopallavicinimori.it\/fr\/wp-json\/wp\/v2\/media?parent=2207"}],"curies":[{"name":"wp","href":"https:\/\/api.w.org\/{rel}","templated":true}]}}